{"id":6229,"date":"2019-04-30T12:56:42","date_gmt":"2019-04-30T10:56:42","guid":{"rendered":"https:\/\/payconiq.lu\/?page_id=6229"},"modified":"2026-01-19T14:50:25","modified_gmt":"2026-01-19T13:50:25","slug":"contact","status":"publish","type":"page","link":"https:\/\/payconiq.lu\/fr\/commercants\/contact\/","title":{"rendered":"Contact"},"content":{"rendered":"<p><div class=\"fusion-fullwidth fullwidth-box full_bg glow_effect background-transfer-page nonhundred-percent-fullwidth non-hundred-percent-height-scrolling\"  style='background-color: #ff4785;background-position: right center;background-repeat: no-repeat;padding-right:30px;padding-left:30px;'><div class=\"fusion-builder-row fusion-row \"><div  class=\"fusion-layout-column fusion_builder_column fusion_builder_column_1_1 fusion-builder-column-1 fusion-one-full fusion-column-first fusion-column-last 1_1\"  style='margin-top:0px;margin-bottom:0px;'>\n\t\t\t\t\t<div class=\"fusion-column-wrapper\" style=\"padding: 75px 0px 125px 0px;background-position:left top;background-repeat:no-repeat;-webkit-background-size:cover;-moz-background-size:cover;-o-background-size:cover;background-size:cover;\"   data-bg-url=\"\">\n\t\t\t\t\t\t<div class=\"fusion-builder-row fusion-builder-row-inner fusion-row \"><div  class=\"fusion-layout-column fusion_builder_column fusion_builder_column_1_2  fusion-one-half fusion-column-first 1_2\"  style='margin-top: 0px;margin-bottom: 0px;width:50%;width:calc(50% - ( ( 4% ) * 0.5 ) );margin-right:4%;'><div class=\"fusion-column-wrapper\" style=\"padding: 0px 0px 0px 0px;background-position:left top;background-repeat:no-repeat;-webkit-background-size:cover;-moz-background-size:cover;-o-background-size:cover;background-size:cover;\"  data-bg-url=\"\"><div class=\"fusion-title title fusion-title-1 fusion-title-center fusion-title-size-one\" style=\"margin-top:0px;margin-bottom:31px;\"><div class=\"title-sep-container title-sep-container-left\"><div class=\"title-sep sep-double sep-solid\" style=\"border-color:#e0dede;\"><\/div><\/div><h1 class=\"title-heading-center\" style=\"margin:0;\"><span style=\"color: #ffffff;\">Vous souhaitez proposer Payconiq dans votre business ?<\/span><\/p>\n<div id=\"ConnectiveDocSignExtentionInstalled\" data-extension-version=\"\u201c1.0.4\u201d\"><\/div><\/h1><div class=\"title-sep-container title-sep-container-right\"><div class=\"title-sep sep-double sep-solid\" style=\"border-color:#e0dede;\"><\/div><\/div><\/div><\/div><\/div><div  class=\"fusion-layout-column fusion_builder_column fusion_builder_column_1_2  fusion-one-half fusion-column-last 1_2\"  style='margin-top: 0px;margin-bottom: 0px;width:50%;width:calc(50% - ( ( 4% ) * 0.5 ) );'><div class=\"fusion-column-wrapper\" style=\"padding: 0px 0px 0px 0px;background-position:center center;background-repeat:no-repeat;-webkit-background-size:cover;-moz-background-size:cover;-o-background-size:cover;background-size:cover;\"  data-bg-url=\"\"><span class=\"fusion-imageframe imageframe-none imageframe-1 hover-type-none\"><img loading=\"lazy\" decoding=\"async\" src=\"https:\/\/payconiq.lu\/wp-content\/uploads\/2026\/01\/buckaroo_logoset_rgb_logo-plus-payoff-wit-300x118.png\" width=\"300\" height=\"118\" alt=\"buckaroo_logo\" title=\"buckaroo_logoset_rgb_logo-plus-payoff-wit\" class=\"img-responsive wp-image-25096\" srcset=\"https:\/\/payconiq.lu\/wp-content\/uploads\/2026\/01\/buckaroo_logoset_rgb_logo-plus-payoff-wit-200x79.png 200w, https:\/\/payconiq.lu\/wp-content\/uploads\/2026\/01\/buckaroo_logoset_rgb_logo-plus-payoff-wit-400x158.png 400w, https:\/\/payconiq.lu\/wp-content\/uploads\/2026\/01\/buckaroo_logoset_rgb_logo-plus-payoff-wit-600x236.png 600w, https:\/\/payconiq.lu\/wp-content\/uploads\/2026\/01\/buckaroo_logoset_rgb_logo-plus-payoff-wit-800x315.png 800w, https:\/\/payconiq.lu\/wp-content\/uploads\/2026\/01\/buckaroo_logoset_rgb_logo-plus-payoff-wit-1200x473.png 1200w\" sizes=\"(max-width: 768px) 100vw, 300px\" \/><\/span><\/div><\/div><\/div><div class=\"fusion-clearfix\"><\/div>\n\n\t\t\t\t\t<\/div>\n\t\t\t\t<\/div><\/div><\/div><div class=\"fusion-fullwidth fullwidth-box nonhundred-percent-fullwidth non-hundred-percent-height-scrolling\"  style='background-color: rgba(255,255,255,0);background-position: center center;background-repeat: no-repeat;padding-top:70px;padding-bottom:85px;'><div class=\"fusion-builder-row fusion-row \"><div  class=\"fusion-layout-column fusion_builder_column fusion_builder_column_1_1 fusion-builder-column-2 fusion-one-full fusion-column-first fusion-column-last 1_1\"  style='margin-top:0px;margin-bottom:0px;'>\n\t\t\t\t\t<div class=\"fusion-column-wrapper\" style=\"padding: 0px 0px 0px 0px;background-position:left top;background-repeat:no-repeat;-webkit-background-size:cover;-moz-background-size:cover;-o-background-size:cover;background-size:cover;\"   data-bg-url=\"\">\n\t\t\t\t\t\t<div class=\"fusion-text\"><p style=\"text-align: center;\">Veuillez noter qu&rsquo;\u00e0 partir de fin 2026, les relations commerciales directes de Payconiq seront transf\u00e9r\u00e9es \u00e0 Buckaroo.<br \/>\nPour plus d&rsquo;informations, consultez notre <a href=\"https:\/\/payconiq.lu\/fr\/commercants\/migration\/\">FAQ<\/a>.<\/p>\n<\/div><div class=\"fusion-text\"><p style=\"text-align: center;\">Pour b\u00e9n\u00e9ficier de Payconiq, veuillez soumettre votre demande d&rsquo;activation <a href=\"https:\/\/www.buckaroo.eu\/fr-lu\/paiement-en-ligne\/methodes-de-paiement\/payconiq\">ici<\/a>.<\/p>\n<\/div><div class=\"fusion-clearfix\"><\/div>\n\n\t\t\t\t\t<\/div>\n\t\t\t\t<\/div><\/div><\/div><div class=\"fusion-fullwidth fullwidth-box nonhundred-percent-fullwidth non-hundred-percent-height-scrolling\"  style='background-color: rgba(255,255,255,0);background-position: center center;background-repeat: no-repeat;padding-top:70px;padding-right:30px;padding-bottom:85px;padding-left:30px;'><div class=\"fusion-builder-row fusion-row \"><div  class=\"fusion-layout-column fusion_builder_column fusion_builder_column_1_1 fusion-builder-column-3 fusion-one-full fusion-column-first fusion-column-last 1_1\"  style='margin-top:0px;margin-bottom:0px;'>\n\t\t\t\t\t<div class=\"fusion-column-wrapper\" style=\"padding: 0px 0px 0px 0px;background-position:left top;background-repeat:no-repeat;-webkit-background-size:cover;-moz-background-size:cover;-o-background-size:cover;background-size:cover;\"   data-bg-url=\"\">\n\t\t\t\t\t\t<div class=\"fusion-clearfix\"><\/div>\n\n\t\t\t\t\t<\/div>\n\t\t\t\t<\/div><\/div><\/div><\/p>\n","protected":false},"excerpt":{"rendered":"","protected":false},"author":6,"featured_media":0,"parent":6166,"menu_order":0,"comment_status":"closed","ping_status":"closed","template":"100-width.php","meta":{"_acf_changed":false,"inline_featured_image":false,"footnotes":""},"tags":[97],"acf":[],"yoast_head":"<!-- This site is optimized with the Yoast SEO plugin v23.1 - https:\/\/yoast.com\/wordpress\/plugins\/seo\/ -->\n<title>Contact - Payconiq<\/title>\n<meta name=\"robots\" content=\"index, follow, max-snippet:-1, max-image-preview:large, max-video-preview:-1\" \/>\n<link rel=\"canonical\" href=\"https:\/\/payconiq.lu\/fr\/commercants\/contact\/\" \/>\n<meta property=\"og:locale\" content=\"fr_FR\" \/>\n<meta property=\"og:type\" content=\"article\" \/>\n<meta property=\"og:title\" content=\"Contact - Payconiq\" \/>\n<meta property=\"og:url\" content=\"https:\/\/payconiq.lu\/fr\/commercants\/contact\/\" \/>\n<meta property=\"og:site_name\" content=\"Payconiq\" \/>\n<meta property=\"article:modified_time\" content=\"2026-01-19T13:50:25+00:00\" \/>\n<meta name=\"twitter:card\" content=\"summary_large_image\" \/>\n<meta name=\"twitter:label1\" content=\"Dur\u00e9e de lecture estim\u00e9e\" \/>\n\t<meta name=\"twitter:data1\" content=\"3 minutes\" \/>\n<script type=\"application\/ld+json\" class=\"yoast-schema-graph\">{\"@context\":\"https:\/\/schema.org\",\"@graph\":[{\"@type\":\"WebPage\",\"@id\":\"https:\/\/payconiq.lu\/fr\/commercants\/contact\/\",\"url\":\"https:\/\/payconiq.lu\/fr\/commercants\/contact\/\",\"name\":\"Contact - Payconiq\",\"isPartOf\":{\"@id\":\"https:\/\/payconiq.lu\/de\/#website\"},\"datePublished\":\"2019-04-30T10:56:42+00:00\",\"dateModified\":\"2026-01-19T13:50:25+00:00\",\"breadcrumb\":{\"@id\":\"https:\/\/payconiq.lu\/fr\/commercants\/contact\/#breadcrumb\"},\"inLanguage\":\"fr-FR\",\"potentialAction\":[{\"@type\":\"ReadAction\",\"target\":[\"https:\/\/payconiq.lu\/fr\/commercants\/contact\/\"]}]},{\"@type\":\"BreadcrumbList\",\"@id\":\"https:\/\/payconiq.lu\/fr\/commercants\/contact\/#breadcrumb\",\"itemListElement\":[{\"@type\":\"ListItem\",\"position\":1,\"name\":\"Accueil\",\"item\":\"https:\/\/payconiq.lu\/fr\/\"},{\"@type\":\"ListItem\",\"position\":2,\"name\":\"Commer\u00e7ants\",\"item\":\"https:\/\/payconiq.lu\/fr\/commercants\/\"},{\"@type\":\"ListItem\",\"position\":3,\"name\":\"Contact\"}]},{\"@type\":\"WebSite\",\"@id\":\"https:\/\/payconiq.lu\/de\/#website\",\"url\":\"https:\/\/payconiq.lu\/de\/\",\"name\":\"Payconiq\",\"description\":\"\",\"potentialAction\":[{\"@type\":\"SearchAction\",\"target\":{\"@type\":\"EntryPoint\",\"urlTemplate\":\"https:\/\/payconiq.lu\/de\/?s={search_term_string}\"},\"query-input\":\"required name=search_term_string\"}],\"inLanguage\":\"fr-FR\"}]}<\/script>\n<!-- \/ Yoast SEO plugin. -->","yoast_head_json":{"title":"Contact - Payconiq","robots":{"index":"index","follow":"follow","max-snippet":"max-snippet:-1","max-image-preview":"max-image-preview:large","max-video-preview":"max-video-preview:-1"},"canonical":"https:\/\/payconiq.lu\/fr\/commercants\/contact\/","og_locale":"fr_FR","og_type":"article","og_title":"Contact - Payconiq","og_url":"https:\/\/payconiq.lu\/fr\/commercants\/contact\/","og_site_name":"Payconiq","article_modified_time":"2026-01-19T13:50:25+00:00","twitter_card":"summary_large_image","twitter_misc":{"Dur\u00e9e de lecture estim\u00e9e":"3 minutes"},"schema":{"@context":"https:\/\/schema.org","@graph":[{"@type":"WebPage","@id":"https:\/\/payconiq.lu\/fr\/commercants\/contact\/","url":"https:\/\/payconiq.lu\/fr\/commercants\/contact\/","name":"Contact - Payconiq","isPartOf":{"@id":"https:\/\/payconiq.lu\/de\/#website"},"datePublished":"2019-04-30T10:56:42+00:00","dateModified":"2026-01-19T13:50:25+00:00","breadcrumb":{"@id":"https:\/\/payconiq.lu\/fr\/commercants\/contact\/#breadcrumb"},"inLanguage":"fr-FR","potentialAction":[{"@type":"ReadAction","target":["https:\/\/payconiq.lu\/fr\/commercants\/contact\/"]}]},{"@type":"BreadcrumbList","@id":"https:\/\/payconiq.lu\/fr\/commercants\/contact\/#breadcrumb","itemListElement":[{"@type":"ListItem","position":1,"name":"Accueil","item":"https:\/\/payconiq.lu\/fr\/"},{"@type":"ListItem","position":2,"name":"Commer\u00e7ants","item":"https:\/\/payconiq.lu\/fr\/commercants\/"},{"@type":"ListItem","position":3,"name":"Contact"}]},{"@type":"WebSite","@id":"https:\/\/payconiq.lu\/de\/#website","url":"https:\/\/payconiq.lu\/de\/","name":"Payconiq","description":"","potentialAction":[{"@type":"SearchAction","target":{"@type":"EntryPoint","urlTemplate":"https:\/\/payconiq.lu\/de\/?s={search_term_string}"},"query-input":"required name=search_term_string"}],"inLanguage":"fr-FR"}]}},"_links":{"self":[{"href":"https:\/\/payconiq.lu\/fr\/wp-json\/wp\/v2\/pages\/6229"}],"collection":[{"href":"https:\/\/payconiq.lu\/fr\/wp-json\/wp\/v2\/pages"}],"about":[{"href":"https:\/\/payconiq.lu\/fr\/wp-json\/wp\/v2\/types\/page"}],"author":[{"embeddable":true,"href":"https:\/\/payconiq.lu\/fr\/wp-json\/wp\/v2\/users\/6"}],"replies":[{"embeddable":true,"href":"https:\/\/payconiq.lu\/fr\/wp-json\/wp\/v2\/comments?post=6229"}],"version-history":[{"count":78,"href":"https:\/\/payconiq.lu\/fr\/wp-json\/wp\/v2\/pages\/6229\/revisions"}],"predecessor-version":[{"id":25170,"href":"https:\/\/payconiq.lu\/fr\/wp-json\/wp\/v2\/pages\/6229\/revisions\/25170"}],"up":[{"embeddable":true,"href":"https:\/\/payconiq.lu\/fr\/wp-json\/wp\/v2\/pages\/6166"}],"wp:attachment":[{"href":"https:\/\/payconiq.lu\/fr\/wp-json\/wp\/v2\/media?parent=6229"}],"wp:term":[{"taxonomy":"post_tag","embeddable":true,"href":"https:\/\/payconiq.lu\/fr\/wp-json\/wp\/v2\/tags?post=6229"}],"curies":[{"name":"wp","href":"https:\/\/api.w.org\/{rel}","templated":true}]}}