{"id":1574,"date":"2018-10-30T17:04:13","date_gmt":"2018-10-30T16:04:13","guid":{"rendered":"https:\/\/payconiq.lu\/?page_id=1574"},"modified":"2024-02-06T16:18:29","modified_gmt":"2024-02-06T15:18:29","slug":"mentions-legales","status":"publish","type":"page","link":"https:\/\/payconiq.lu\/fr\/mentions-legales\/","title":{"rendered":"Mentions l\u00e9gales"},"content":{"rendered":"<p><div class=\"fusion-fullwidth fullwidth-box full_bg glow_effect background-transfer-page nonhundred-percent-fullwidth non-hundred-percent-height-scrolling\"  style='background-color: #ff4785;background-position: right center;background-repeat: no-repeat;padding-right:30px;padding-left:30px;'><div class=\"fusion-builder-row fusion-row \"><div  class=\"fusion-layout-column fusion_builder_column fusion_builder_column_1_2 fusion-builder-column-1 fusion-one-half fusion-column-first fusion-blend-mode full_left 1_2\"  style='margin-top:0px;margin-bottom:0px;width:48%; margin-right: 4%;'>\n\t\t\t\t\t<div class=\"fusion-column-wrapper\" style=\"background-color:#FF4785;padding: 75px 0px 125px 0px;background-position:left top;background-repeat:no-repeat;-webkit-background-size:cover;-moz-background-size:cover;-o-background-size:cover;background-size:cover;\"   data-bg-url=\"\">\n\t\t\t\t\t\t<div class=\"fusion-title title fusion-title-1 fusion-title-size-one\" style=\"margin-top:0px;margin-bottom:31px;\"><h1 class=\"title-heading-left\" style=\"margin:0;\"><span style=\"color: #ffffff;\">Mentions l\u00e9gales<\/span><\/h1><div class=\"title-sep-container\"><div class=\"title-sep sep-double sep-solid\" style=\"border-color:#e0dede;\"><\/div><\/div><\/div><div class=\"fusion-clearfix\"><\/div>\n\n\t\t\t\t\t<\/div>\n\t\t\t\t<\/div><\/div><\/div><div class=\"fusion-fullwidth fullwidth-box nonhundred-percent-fullwidth non-hundred-percent-height-scrolling\"  style='background-color: rgba(255,255,255,0);background-position: center center;background-repeat: no-repeat;padding-top:35px;padding-right:30px;padding-bottom:85px;padding-left:30px;'><div class=\"fusion-builder-row fusion-row \"><div  class=\"fusion-layout-column fusion_builder_column fusion_builder_column_1_1 fusion-builder-column-2 fusion-one-full fusion-column-first fusion-column-last 1_1\"  style='margin-top:0px;margin-bottom:0px;'>\n\t\t\t\t\t<div class=\"fusion-column-wrapper\" style=\"padding: 0px 0px 0px 0px;background-position:left top;background-repeat:no-repeat;-webkit-background-size:cover;-moz-background-size:cover;-o-background-size:cover;background-size:cover;\"   data-bg-url=\"\">\n\t\t\t\t\t\t<div class=\"fusion-text\"><h1><strong>La soci\u00e9t\u00e9<\/strong><\/h1>\n<p>Payconiq International S.A. (\u00abPayconiq\u00bb) est une soci\u00e9t\u00e9 anonyme de droit luxembourgeois, immatricul\u00e9e au Registre de Commerce et des Soci\u00e9t\u00e9s de Luxembourg sous le num\u00e9ro B 169621, et ayant son si\u00e8ge social au 9-11 rue Joseph Junck, L-1839 Luxembourg.<\/p>\n<p>Agr\u00e9\u00e9e en tant qu\u2019\u00e9tablissement de paiement par le Ministre des Finances, Payconiq est supervis\u00e9e par la Commission de Surveillance du Secteur Financier (\u00abCSSF\u00bb), l\u2019autorit\u00e9 de contr\u00f4le du secteur financier du Luxembourg sous le num\u00e9ro : Z00000005.<\/p>\n<p>Ce statut r\u00e9glementaire conf\u00e8re \u00e0 Payconiq le droit de proposer des services de paiement, tel que Payconiq, conform\u00e9ment aux dispositions de la loi du 10 novembre 2009 relative aux services de paiement, telle que modifi\u00e9e.<\/p>\n<p>L\u2019agr\u00e9ment en tant qu\u2019\u00e9tablissement de paiement permet \u00e9galement \u00e0 Payconiq de se pr\u00e9valoir d\u2019un statut reconnu au sein des Etats Membres de l\u2019Union Europ\u00e9enne; ce statut, autorise ainsi Payconiq \u00e0 exercer cette activit\u00e9 dans tous les Etats Membres (sous condition d\u2019information pr\u00e9alable de la CSSF).<\/p>\n<h1><strong>Le site Internet payconiq.lu<\/strong><\/h1>\n<h3><strong>Exploitation, h\u00e9bergement, conception et r\u00e9alisation<\/strong><\/h3>\n<p>Exploitation: Payconiq est l\u2019exploitant du site Internet.<\/p>\n<p>H\u00e9bergement: AWS<\/p>\n<h3><strong>Objet<\/strong><\/h3>\n<p>Le site Internet est un site d\u2019information qui a pour principal objet de pr\u00e9senter Payconiq, et en particulier ses services de paiement ; \u00e0 ce titre, il s&rsquo;adresse aussi bien aux clients de Payconiq qu&rsquo;aux personnes qui ne sont pas clientes.<\/p>\n<p>Les services de paiement pr\u00e9sent\u00e9s sur le site Internet sont toutefois strictement r\u00e9serv\u00e9s aux clients de Payconiq ayant sign\u00e9 avec celle-ci un Contrat de partenariat-adh\u00e9sion.<\/p>\n<h3><strong>Propri\u00e9t\u00e9 intellectuelle<\/strong><\/h3>\n<p>Le site Internet, ainsi que tous les \u00e9l\u00e9ments le composant (y compris le contenu, les logos, les photographies, etc.), sont prot\u00e9g\u00e9s par les dispositions applicables du droit luxembourgeois en mati\u00e8re de propri\u00e9t\u00e9 intellectuelle ; le site et ses \u00e9l\u00e9ments sont la propri\u00e9t\u00e9 exclusive de Payconiq, \u00e0 l\u2019exclusion toutefois des \u00e9l\u00e9ments express\u00e9ment attribu\u00e9s \u00e0 des tiers.<\/p>\n<p>La reproduction, la distribution, l\u2019adaptation, totale ou partielle, \u00e0 des fins commerciales ou non, des \u00e9l\u00e9ments composant le site Internet et dont la propri\u00e9t\u00e9 est attribu\u00e9e \u00e0 Payconiq est interdite sans autorisation expresse de celle-ci.<\/p>\n<h3><strong>Liens vers d\u2019autres sites Internet<\/strong><\/h3>\n<p>Les liens hypertextes \u00e9tablis en direction d\u2019autres sites Internet ne constituent pas une validation de ces sites par Payconiq et ne sauraient engager la responsabilit\u00e9 de celle-ci, notamment s\u2019agissant de leur contenu.<\/p>\n<p>Par ailleurs, \u00e0 titre de principe, Payconiq interdit \u00e0 tout tiers de mettre en place un lien hypertexte vers son site Internet, sauf \u00e0 obtenir une autorisation expresse et pr\u00e9alable de sa part.<\/p>\n<h3><strong>Protection des donn\u00e9es personnelles<\/strong><\/h3>\n<p>Consulter notre <a href=\"https:\/\/payconiq.ludeclaration-de-confidentialite-et-de-cookies-payconiq\/\">charte de confidentialit\u00e9<\/a>.<\/p>\n<h3><strong>Droit applicable et juridictions comp\u00e9tentes<\/strong><\/h3>\n<p>Le site Internet est r\u00e9gi par le droit luxembourgeois.<\/p>\n<p>Tous les litiges auxquels le site Internet pourrait donner lieu sont soumis \u00e0 la juridiction exclusive du Tribunal d&rsquo;Arrondissement de et \u00e0 Luxembourg.<\/p>\n<h1><strong>R\u00e9clamation<\/strong><\/h1>\n<p>Consulter notre <a href=\"https:\/\/payconiq.lu\/wp-content\/uploads\/2024\/02\/Complaint-Flyer-FR.pdf\">proc\u00e9dure de r\u00e9clamation.\u00a0<\/a><\/p>\n<\/div><div class=\"fusion-clearfix\"><\/div>\n\n\t\t\t\t\t<\/div>\n\t\t\t\t<\/div><\/div><\/div><\/p>\n","protected":false},"excerpt":{"rendered":"","protected":false},"author":6,"featured_media":0,"parent":0,"menu_order":0,"comment_status":"closed","ping_status":"closed","template":"100-width.php","meta":{"_acf_changed":false,"inline_featured_image":false,"footnotes":""},"tags":[],"acf":[],"yoast_head":"<!-- This site is optimized with the Yoast SEO plugin v23.1 - https:\/\/yoast.com\/wordpress\/plugins\/seo\/ -->\n<title>Mentions l\u00e9gales - Payconiq<\/title>\n<meta name=\"robots\" content=\"index, follow, max-snippet:-1, max-image-preview:large, max-video-preview:-1\" \/>\n<link rel=\"canonical\" href=\"https:\/\/payconiq.lu\/fr\/mentions-legales\/\" \/>\n<meta property=\"og:locale\" content=\"fr_FR\" \/>\n<meta property=\"og:type\" content=\"article\" \/>\n<meta property=\"og:title\" content=\"Mentions l\u00e9gales - Payconiq\" \/>\n<meta property=\"og:url\" content=\"https:\/\/payconiq.lu\/fr\/mentions-legales\/\" \/>\n<meta property=\"og:site_name\" content=\"Payconiq\" \/>\n<meta property=\"article:modified_time\" content=\"2024-02-06T15:18:29+00:00\" \/>\n<meta name=\"twitter:card\" content=\"summary_large_image\" \/>\n<meta name=\"twitter:label1\" content=\"Dur\u00e9e de lecture estim\u00e9e\" \/>\n\t<meta name=\"twitter:data1\" content=\"5 minutes\" \/>\n<script type=\"application\/ld+json\" class=\"yoast-schema-graph\">{\"@context\":\"https:\/\/schema.org\",\"@graph\":[{\"@type\":\"WebPage\",\"@id\":\"https:\/\/payconiq.lu\/fr\/mentions-legales\/\",\"url\":\"https:\/\/payconiq.lu\/fr\/mentions-legales\/\",\"name\":\"Mentions l\u00e9gales - Payconiq\",\"isPartOf\":{\"@id\":\"https:\/\/payconiq.lu\/de\/#website\"},\"datePublished\":\"2018-10-30T16:04:13+00:00\",\"dateModified\":\"2024-02-06T15:18:29+00:00\",\"breadcrumb\":{\"@id\":\"https:\/\/payconiq.lu\/fr\/mentions-legales\/#breadcrumb\"},\"inLanguage\":\"fr-FR\",\"potentialAction\":[{\"@type\":\"ReadAction\",\"target\":[\"https:\/\/payconiq.lu\/fr\/mentions-legales\/\"]}]},{\"@type\":\"BreadcrumbList\",\"@id\":\"https:\/\/payconiq.lu\/fr\/mentions-legales\/#breadcrumb\",\"itemListElement\":[{\"@type\":\"ListItem\",\"position\":1,\"name\":\"Accueil\",\"item\":\"https:\/\/payconiq.lu\/fr\/\"},{\"@type\":\"ListItem\",\"position\":2,\"name\":\"Mentions l\u00e9gales\"}]},{\"@type\":\"WebSite\",\"@id\":\"https:\/\/payconiq.lu\/de\/#website\",\"url\":\"https:\/\/payconiq.lu\/de\/\",\"name\":\"Payconiq\",\"description\":\"\",\"potentialAction\":[{\"@type\":\"SearchAction\",\"target\":{\"@type\":\"EntryPoint\",\"urlTemplate\":\"https:\/\/payconiq.lu\/de\/?s={search_term_string}\"},\"query-input\":\"required name=search_term_string\"}],\"inLanguage\":\"fr-FR\"}]}<\/script>\n<!-- \/ Yoast SEO plugin. -->","yoast_head_json":{"title":"Mentions l\u00e9gales - Payconiq","robots":{"index":"index","follow":"follow","max-snippet":"max-snippet:-1","max-image-preview":"max-image-preview:large","max-video-preview":"max-video-preview:-1"},"canonical":"https:\/\/payconiq.lu\/fr\/mentions-legales\/","og_locale":"fr_FR","og_type":"article","og_title":"Mentions l\u00e9gales - Payconiq","og_url":"https:\/\/payconiq.lu\/fr\/mentions-legales\/","og_site_name":"Payconiq","article_modified_time":"2024-02-06T15:18:29+00:00","twitter_card":"summary_large_image","twitter_misc":{"Dur\u00e9e de lecture estim\u00e9e":"5 minutes"},"schema":{"@context":"https:\/\/schema.org","@graph":[{"@type":"WebPage","@id":"https:\/\/payconiq.lu\/fr\/mentions-legales\/","url":"https:\/\/payconiq.lu\/fr\/mentions-legales\/","name":"Mentions l\u00e9gales - Payconiq","isPartOf":{"@id":"https:\/\/payconiq.lu\/de\/#website"},"datePublished":"2018-10-30T16:04:13+00:00","dateModified":"2024-02-06T15:18:29+00:00","breadcrumb":{"@id":"https:\/\/payconiq.lu\/fr\/mentions-legales\/#breadcrumb"},"inLanguage":"fr-FR","potentialAction":[{"@type":"ReadAction","target":["https:\/\/payconiq.lu\/fr\/mentions-legales\/"]}]},{"@type":"BreadcrumbList","@id":"https:\/\/payconiq.lu\/fr\/mentions-legales\/#breadcrumb","itemListElement":[{"@type":"ListItem","position":1,"name":"Accueil","item":"https:\/\/payconiq.lu\/fr\/"},{"@type":"ListItem","position":2,"name":"Mentions l\u00e9gales"}]},{"@type":"WebSite","@id":"https:\/\/payconiq.lu\/de\/#website","url":"https:\/\/payconiq.lu\/de\/","name":"Payconiq","description":"","potentialAction":[{"@type":"SearchAction","target":{"@type":"EntryPoint","urlTemplate":"https:\/\/payconiq.lu\/de\/?s={search_term_string}"},"query-input":"required name=search_term_string"}],"inLanguage":"fr-FR"}]}},"_links":{"self":[{"href":"https:\/\/payconiq.lu\/fr\/wp-json\/wp\/v2\/pages\/1574"}],"collection":[{"href":"https:\/\/payconiq.lu\/fr\/wp-json\/wp\/v2\/pages"}],"about":[{"href":"https:\/\/payconiq.lu\/fr\/wp-json\/wp\/v2\/types\/page"}],"author":[{"embeddable":true,"href":"https:\/\/payconiq.lu\/fr\/wp-json\/wp\/v2\/users\/6"}],"replies":[{"embeddable":true,"href":"https:\/\/payconiq.lu\/fr\/wp-json\/wp\/v2\/comments?post=1574"}],"version-history":[{"count":28,"href":"https:\/\/payconiq.lu\/fr\/wp-json\/wp\/v2\/pages\/1574\/revisions"}],"predecessor-version":[{"id":23104,"href":"https:\/\/payconiq.lu\/fr\/wp-json\/wp\/v2\/pages\/1574\/revisions\/23104"}],"wp:attachment":[{"href":"https:\/\/payconiq.lu\/fr\/wp-json\/wp\/v2\/media?parent=1574"}],"wp:term":[{"taxonomy":"post_tag","embeddable":true,"href":"https:\/\/payconiq.lu\/fr\/wp-json\/wp\/v2\/tags?post=1574"}],"curies":[{"name":"wp","href":"https:\/\/api.w.org\/{rel}","templated":true}]}}