{"id":1509,"date":"2018-10-29T17:29:48","date_gmt":"2018-10-29T16:29:48","guid":{"rendered":"https:\/\/payconiq.lu\/?page_id=1509"},"modified":"2024-05-23T17:07:39","modified_gmt":"2024-05-23T15:07:39","slug":"la-societe","status":"publish","type":"page","link":"https:\/\/payconiq.lu\/fr\/la-societe\/","title":{"rendered":"La soci\u00e9t\u00e9"},"content":{"rendered":"<p><div class=\"fusion-fullwidth fullwidth-box full_bg glow_effect background-transfer-page nonhundred-percent-fullwidth non-hundred-percent-height-scrolling\"  style='background-color: #ff4785;background-position: right center;background-repeat: no-repeat;padding-right:30px;padding-left:30px;'><div class=\"fusion-builder-row fusion-row \"><div  class=\"fusion-layout-column fusion_builder_column fusion_builder_column_1_2 fusion-builder-column-1 fusion-one-half fusion-column-first full_left 1_2\"  style='margin-top:0px;margin-bottom:0px;width:48%; margin-right: 4%;'>\n\t\t\t\t\t<div class=\"fusion-column-wrapper\" style=\"padding: 75px 0px 125px 0px;background-position:left top;background-repeat:no-repeat;-webkit-background-size:cover;-moz-background-size:cover;-o-background-size:cover;background-size:cover;\"   data-bg-url=\"\">\n\t\t\t\t\t\t<div class=\"fusion-title title fusion-title-1 fusion-title-size-one\" style=\"margin-top:0px;margin-bottom:31px;\"><h1 class=\"title-heading-left\" style=\"margin:0;\"><span style=\"color: #ffffff;\">\u00c0 propos<\/span><\/h1><div class=\"title-sep-container\"><div class=\"title-sep sep-double sep-solid\" style=\"border-color:#e0dede;\"><\/div><\/div><\/div><div class=\"fusion-clearfix\"><\/div>\n\n\t\t\t\t\t<\/div>\n\t\t\t\t<\/div><\/div><\/div><div class=\"fusion-fullwidth fullwidth-box nonhundred-percent-fullwidth non-hundred-percent-height-scrolling\"  style='background-color: rgba(255,255,255,0);background-position: center center;background-repeat: no-repeat;padding-top:70px;padding-right:30px;padding-bottom:85px;padding-left:30px;'><div class=\"fusion-builder-row fusion-row \"><div  class=\"fusion-layout-column fusion_builder_column fusion_builder_column_1_4 fusion-builder-column-2 fusion-one-fourth fusion-column-first 1_4\"  style='margin-top:0px;margin-bottom:0px;width:25%;width:calc(25% - ( ( 4% ) * 0.25 ) );margin-right: 4%;'>\n\t\t\t\t\t<div class=\"fusion-column-wrapper\" style=\"padding: 0px 0px 0px 0px;background-position:left top;background-repeat:no-repeat;-webkit-background-size:cover;-moz-background-size:cover;-o-background-size:cover;background-size:cover;\"   data-bg-url=\"\">\n\t\t\t\t\t\t<div class=\"about-buttons\">\n\t<a class=\"about-button active\" href=\"#company\">La soci\u00e9t\u00e9<\/a>\n<\/div><div class=\"fusion-widget-area fusion-widget-area-1 fusion-content-widget-area\"><style type=\"text\/css\" scoped=\"scoped\">.fusion-widget-area-1 {padding:0px 0px 0px 0px;}.fusion-widget-area-1 .widget h4 {color:#333333;}.fusion-widget-area-1 .widget .heading h4 {color:#333333;}.fusion-widget-area-1 .widget h4 {font-size:My test widget;}.fusion-widget-area-1 .widget .heading h4 {font-size:My test widget;}<\/style><div class=\"fusion-additional-widget-content\"><\/div><\/div><div class=\"fusion-clearfix\"><\/div>\n\n\t\t\t\t\t<\/div>\n\t\t\t\t<\/div><div id=\"company\" class=\"fusion-layout-column fusion_builder_column fusion_builder_column_3_4 fusion-builder-column-3 fusion-three-fourth fusion-column-last 3_4\"  style='margin-top:0px;margin-bottom:0px;width:75%;width:calc(75% - ( ( 4% ) * 0.75 ) );'>\n\t\t\t\t\t<div class=\"fusion-column-wrapper\" style=\"padding: 0px 0px 50px 0px;background-position:left top;background-repeat:no-repeat;-webkit-background-size:cover;-moz-background-size:cover;-o-background-size:cover;background-size:cover;\"   data-bg-url=\"\">\n\t\t\t\t\t\t<div class=\"fusion-title title fusion-title-2 fusion-title-size-one\" style=\"margin-top:0px;margin-bottom:50px;\"><h1 class=\"title-heading-left\" style=\"margin:0;\"><span id=\"company\">La soci\u00e9t\u00e9<\/span><\/h1><div class=\"title-sep-container\"><div class=\"title-sep sep-double sep-solid\" style=\"border-color:#e0dede;\"><\/div><\/div><\/div><div class=\"fusion-text\"><div>Payconiq International S.A. est une soci\u00e9t\u00e9 anonyme de droit luxembourgeois, immatricul\u00e9e au Registre de Commerce et des Soci\u00e9t\u00e9s de Luxembourg sous le num\u00e9ro B 169621, et ayant son si\u00e8ge social au 9-11 rue Joseph Junck, L-1839 Luxembourg.<\/div>\n<div>\n<p>La solution Payconiq est d\u00e9velopp\u00e9e depuis 2006, d&rsquo;abord par la soci\u00e9t\u00e9 Payconiq Mobile Payments S.A., leader luxembourgeois du micro-paiement par SMS via l\u2019interm\u00e9diaire d\u2019op\u00e9rateurs mobiles, puis par Payconiq International S.A. \u00e0 partir mars 2010. Issue d\u2019un projet recherche et d\u00e9veloppement soutenu par le Gouvernement luxembourgeois, la solution de paiement Payconiq a \u00e9t\u00e9 con\u00e7ue autour de l\u2019utilisateur, de ses pratiques et de ses besoins.<\/p>\n<p>Agr\u00e9\u00e9e en tant qu\u2019\u00e9tablissement de paiement par le Ministre des Finances (autorisation d\u2019\u00e9tablissement num\u00e9ro 40\/18), Payconiq International S.A. est supervis\u00e9e par la Commission de Surveillance du Secteur Financier (CSSF), l\u2019autorit\u00e9 de contr\u00f4le du secteur financier du Grand-Duch\u00e9 de Luxembourg. Ce statut r\u00e9glementaire conf\u00e8re \u00e0 Payconiq International S.A. le droit de proposer des services de paiement, tel que Payconiq, conform\u00e9ment aux dispositions de la loi du 10 novembre 2009 relative aux services de paiement, telle que modifi\u00e9e.<\/p>\n<p>L\u2019agr\u00e9ment en tant qu\u2019\u00e9tablissement de paiement permet \u00e9galement \u00e0 Payconiq International S.A. de se pr\u00e9valoir d\u2019un statut reconnu au sein des Etats Membres de l\u2019Union Europ\u00e9enne; ce statut autorise ainsi \u00e0 Payconiq International S.A. le droit d\u2019exercer cette activit\u00e9 dans tous les Etats Membres (sous condition d\u2019information pr\u00e9alable de la CSSF).<\/p>\n<\/div>\n<\/div><div class=\"fusion-clearfix\"><\/div>\n\n\t\t\t\t\t<\/div>\n\t\t\t\t<\/div><\/div><\/div><\/p>\n","protected":false},"excerpt":{"rendered":"","protected":false},"author":6,"featured_media":0,"parent":0,"menu_order":0,"comment_status":"closed","ping_status":"closed","template":"100-width.php","meta":{"_acf_changed":false,"inline_featured_image":false,"footnotes":""},"tags":[],"acf":[],"yoast_head":"<!-- This site is optimized with the Yoast SEO plugin v23.1 - https:\/\/yoast.com\/wordpress\/plugins\/seo\/ -->\n<title>La soci\u00e9t\u00e9 - Payconiq<\/title>\n<meta name=\"robots\" content=\"index, follow, max-snippet:-1, max-image-preview:large, max-video-preview:-1\" \/>\n<link rel=\"canonical\" href=\"https:\/\/payconiq.lu\/fr\/la-societe\/\" \/>\n<meta property=\"og:locale\" content=\"fr_FR\" \/>\n<meta property=\"og:type\" content=\"article\" \/>\n<meta property=\"og:title\" content=\"La soci\u00e9t\u00e9 - Payconiq\" \/>\n<meta property=\"og:url\" content=\"https:\/\/payconiq.lu\/fr\/la-societe\/\" \/>\n<meta property=\"og:site_name\" content=\"Payconiq\" \/>\n<meta property=\"article:modified_time\" content=\"2024-05-23T15:07:39+00:00\" \/>\n<meta name=\"twitter:card\" content=\"summary_large_image\" \/>\n<meta name=\"twitter:label1\" content=\"Dur\u00e9e de lecture estim\u00e9e\" \/>\n\t<meta name=\"twitter:data1\" content=\"4 minutes\" \/>\n<script type=\"application\/ld+json\" class=\"yoast-schema-graph\">{\"@context\":\"https:\/\/schema.org\",\"@graph\":[{\"@type\":\"WebPage\",\"@id\":\"https:\/\/payconiq.lu\/fr\/la-societe\/\",\"url\":\"https:\/\/payconiq.lu\/fr\/la-societe\/\",\"name\":\"La soci\u00e9t\u00e9 - Payconiq\",\"isPartOf\":{\"@id\":\"https:\/\/payconiq.lu\/de\/#website\"},\"datePublished\":\"2018-10-29T16:29:48+00:00\",\"dateModified\":\"2024-05-23T15:07:39+00:00\",\"breadcrumb\":{\"@id\":\"https:\/\/payconiq.lu\/fr\/la-societe\/#breadcrumb\"},\"inLanguage\":\"fr-FR\",\"potentialAction\":[{\"@type\":\"ReadAction\",\"target\":[\"https:\/\/payconiq.lu\/fr\/la-societe\/\"]}]},{\"@type\":\"BreadcrumbList\",\"@id\":\"https:\/\/payconiq.lu\/fr\/la-societe\/#breadcrumb\",\"itemListElement\":[{\"@type\":\"ListItem\",\"position\":1,\"name\":\"Accueil\",\"item\":\"https:\/\/payconiq.lu\/fr\/\"},{\"@type\":\"ListItem\",\"position\":2,\"name\":\"La soci\u00e9t\u00e9\"}]},{\"@type\":\"WebSite\",\"@id\":\"https:\/\/payconiq.lu\/de\/#website\",\"url\":\"https:\/\/payconiq.lu\/de\/\",\"name\":\"Payconiq\",\"description\":\"\",\"potentialAction\":[{\"@type\":\"SearchAction\",\"target\":{\"@type\":\"EntryPoint\",\"urlTemplate\":\"https:\/\/payconiq.lu\/de\/?s={search_term_string}\"},\"query-input\":\"required name=search_term_string\"}],\"inLanguage\":\"fr-FR\"}]}<\/script>\n<!-- \/ Yoast SEO plugin. -->","yoast_head_json":{"title":"La soci\u00e9t\u00e9 - Payconiq","robots":{"index":"index","follow":"follow","max-snippet":"max-snippet:-1","max-image-preview":"max-image-preview:large","max-video-preview":"max-video-preview:-1"},"canonical":"https:\/\/payconiq.lu\/fr\/la-societe\/","og_locale":"fr_FR","og_type":"article","og_title":"La soci\u00e9t\u00e9 - Payconiq","og_url":"https:\/\/payconiq.lu\/fr\/la-societe\/","og_site_name":"Payconiq","article_modified_time":"2024-05-23T15:07:39+00:00","twitter_card":"summary_large_image","twitter_misc":{"Dur\u00e9e de lecture estim\u00e9e":"4 minutes"},"schema":{"@context":"https:\/\/schema.org","@graph":[{"@type":"WebPage","@id":"https:\/\/payconiq.lu\/fr\/la-societe\/","url":"https:\/\/payconiq.lu\/fr\/la-societe\/","name":"La soci\u00e9t\u00e9 - Payconiq","isPartOf":{"@id":"https:\/\/payconiq.lu\/de\/#website"},"datePublished":"2018-10-29T16:29:48+00:00","dateModified":"2024-05-23T15:07:39+00:00","breadcrumb":{"@id":"https:\/\/payconiq.lu\/fr\/la-societe\/#breadcrumb"},"inLanguage":"fr-FR","potentialAction":[{"@type":"ReadAction","target":["https:\/\/payconiq.lu\/fr\/la-societe\/"]}]},{"@type":"BreadcrumbList","@id":"https:\/\/payconiq.lu\/fr\/la-societe\/#breadcrumb","itemListElement":[{"@type":"ListItem","position":1,"name":"Accueil","item":"https:\/\/payconiq.lu\/fr\/"},{"@type":"ListItem","position":2,"name":"La soci\u00e9t\u00e9"}]},{"@type":"WebSite","@id":"https:\/\/payconiq.lu\/de\/#website","url":"https:\/\/payconiq.lu\/de\/","name":"Payconiq","description":"","potentialAction":[{"@type":"SearchAction","target":{"@type":"EntryPoint","urlTemplate":"https:\/\/payconiq.lu\/de\/?s={search_term_string}"},"query-input":"required name=search_term_string"}],"inLanguage":"fr-FR"}]}},"_links":{"self":[{"href":"https:\/\/payconiq.lu\/fr\/wp-json\/wp\/v2\/pages\/1509"}],"collection":[{"href":"https:\/\/payconiq.lu\/fr\/wp-json\/wp\/v2\/pages"}],"about":[{"href":"https:\/\/payconiq.lu\/fr\/wp-json\/wp\/v2\/types\/page"}],"author":[{"embeddable":true,"href":"https:\/\/payconiq.lu\/fr\/wp-json\/wp\/v2\/users\/6"}],"replies":[{"embeddable":true,"href":"https:\/\/payconiq.lu\/fr\/wp-json\/wp\/v2\/comments?post=1509"}],"version-history":[{"count":76,"href":"https:\/\/payconiq.lu\/fr\/wp-json\/wp\/v2\/pages\/1509\/revisions"}],"predecessor-version":[{"id":23382,"href":"https:\/\/payconiq.lu\/fr\/wp-json\/wp\/v2\/pages\/1509\/revisions\/23382"}],"wp:attachment":[{"href":"https:\/\/payconiq.lu\/fr\/wp-json\/wp\/v2\/media?parent=1509"}],"wp:term":[{"taxonomy":"post_tag","embeddable":true,"href":"https:\/\/payconiq.lu\/fr\/wp-json\/wp\/v2\/tags?post=1509"}],"curies":[{"name":"wp","href":"https:\/\/api.w.org\/{rel}","templated":true}]}}