{"id":5449,"date":"2018-10-30T17:04:13","date_gmt":"2018-10-30T16:04:13","guid":{"rendered":"https:\/\/payconiq.lu\/mentions-legales\/"},"modified":"2024-02-06T16:18:15","modified_gmt":"2024-02-06T15:18:15","slug":"impressum","status":"publish","type":"page","link":"https:\/\/payconiq.lu\/de\/impressum\/","title":{"rendered":"Impressum"},"content":{"rendered":"<p><div class=\"fusion-fullwidth fullwidth-box full_bg glow_effect background-transfer-page nonhundred-percent-fullwidth non-hundred-percent-height-scrolling\"  style='background-color: #ff4785;background-position: right center;background-repeat: no-repeat;padding-right:30px;padding-left:30px;'><div class=\"fusion-builder-row fusion-row \"><div  class=\"fusion-layout-column fusion_builder_column fusion_builder_column_1_2 fusion-builder-column-1 fusion-one-half fusion-column-first fusion-blend-mode full_left 1_2\"  style='margin-top:0px;margin-bottom:0px;width:48%; margin-right: 4%;'>\n\t\t\t\t\t<div class=\"fusion-column-wrapper\" style=\"background-color:#FF4785;padding: 75px 0px 125px 0px;background-position:left top;background-repeat:no-repeat;-webkit-background-size:cover;-moz-background-size:cover;-o-background-size:cover;background-size:cover;\"   data-bg-url=\"\">\n\t\t\t\t\t\t<div class=\"fusion-title title fusion-title-1 fusion-title-size-one\" style=\"margin-top:0px;margin-bottom:31px;\"><h1 class=\"title-heading-left\" style=\"margin:0;\"><span style=\"color: #ffffff;\">Impressum<\/span><\/h1><div class=\"title-sep-container\"><div class=\"title-sep sep-double sep-solid\" style=\"border-color:#e0dede;\"><\/div><\/div><\/div><div class=\"fusion-clearfix\"><\/div>\n\n\t\t\t\t\t<\/div>\n\t\t\t\t<\/div><\/div><\/div><div class=\"fusion-fullwidth fullwidth-box nonhundred-percent-fullwidth non-hundred-percent-height-scrolling\"  style='background-color: rgba(255,255,255,0);background-position: center center;background-repeat: no-repeat;padding-top:35px;padding-right:30px;padding-bottom:85px;padding-left:30px;'><div class=\"fusion-builder-row fusion-row \"><div  class=\"fusion-layout-column fusion_builder_column fusion_builder_column_1_1 fusion-builder-column-2 fusion-one-full fusion-column-first fusion-column-last 1_1\"  style='margin-top:0px;margin-bottom:0px;'>\n\t\t\t\t\t<div class=\"fusion-column-wrapper\" style=\"padding: 0px 0px 0px 0px;background-position:left top;background-repeat:no-repeat;-webkit-background-size:cover;-moz-background-size:cover;-o-background-size:cover;background-size:cover;\"   data-bg-url=\"\">\n\t\t\t\t\t\t<div class=\"fusion-text\"><h1><strong>Das Unternehmen<\/strong><\/h1>\n<p>Payconiq International S.A. (\u201ePayconiq\u201c) ist eine Aktiengesellschaft nach luxemburgischem Recht, eingetragen im Luxemburger Handels- und Gesellschaftsregister unter der Nummer B 169621 und mit Sitz in L-1839 Luxemburg, 9-11 Rue Joseph Junck.<\/p>\n<p>Payconiq International S.A. wurde vom Finanzministerium als Zahlungsinstitut zugelassen und wird von der Aufsichtsbeh\u00f6rde des Finanzsektors (\u201eCSSF\u201c) im Gro\u00dfherzogtum Luxemburg kontrolliert unter der Registernummer: Z00000005.<\/p>\n<p>Dieser Regulierungsstatus gibt Payconiq das Recht, Zahlungsdienste wie Payconiq gem\u00e4\u00df den Bestimmungen des Gesetzes vom 10. November 2009 \u00fcber Zahlungsdienste in der jeweils g\u00fcltigen Fassung anzubieten.<\/p>\n<p>Die Zulassung als Zahlungsinstitut verschafft der Payconiq zudem einen in den Mitgliedstaaten der Europ\u00e4ischen Union anerkannten Status. Dieser Status berechtigt Payconiq, diese T\u00e4tigkeit in allen Mitgliedstaaten auszu\u00fcben (vorbehaltlich einer vorherigen Mitteilung durch die CSSF).<\/p>\n<h1><strong>Die Website payconiq.lu<\/strong><\/h1>\n<h3><strong>Betrieb, Hosting, Design und Gestaltung<\/strong><\/h3>\n<p>Betrieb: Betreiber der Website ist Payconiq.<\/p>\n<p>Hosting: AWS<\/p>\n<h3><strong>Zweck<\/strong><\/h3>\n<p>Da der Hauptzweck der Website darin besteht, \u00fcber Payconiq und insbesondere die entsprechenden Zahlungsdienste zu informieren, wendet sie sich an Payconiq-Kunden und an Nicht-Kunden.<\/p>\n<p>Die auf der Website angebotenen Zahlungsdienste sind jedoch ausschlie\u00dflich Payconiq-Kunden vorbehalten, die einen Partnerschafts- und Mitgliedsvertrag mit Payconiq abgeschlossen haben.<\/p>\n<h3><strong>Geistiges Eigentum<\/strong><\/h3>\n<p>Hyperlinks zu anderen Websites bedeuten nicht, dass Payconiq mit diesen Seiten einverstanden ist, weshalb Payconiq insbesondere f\u00fcr ihren Inhalt keine Haftung \u00fcbernimmt.<\/p>\n<p>Die vollst\u00e4ndige oder teilweise Vervielf\u00e4ltigung, Verbreitung oder Anpassung der Elemente der Website, deren Eigentum Payconiq zugeschrieben wird, ist ohne ausdr\u00fcckliche Genehmigung untersagt. Dies gilt f\u00fcr gewerbliche und nicht-gewerbliche Zwecke.<\/p>\n<h3><strong>Links zu anderen Websites<\/strong><\/h3>\n<p>Hyperlinks zu anderen Websites bedeuten nicht, dass Payconiq mit diesen Seiten einverstanden ist, weshalb Payconiq insbesondere f\u00fcr ihren Inhalt keine Haftung \u00fcbernimmt.<\/p>\n<p>Dar\u00fcber hinaus verbietet Payconiq Dritten grunds\u00e4tzlich die Einrichtung von Hyperlinks auf der Website, sofern keine ausdr\u00fcckliche vorherige Genehmigung eingeholt wurde.<\/p>\n<h3><strong>Schutz personenbezogener Daten<\/strong><\/h3>\n<p>Lesen Sie unsere <a href=\"https:\/\/payconiq.lu\/wp-content\/uploads\/2023\/04\/Payconiq-privacy-cookie-statement-.pdf\">Datenschutzerkl\u00e4rung<\/a>.<\/p>\n<h3><strong>Anwendbares Recht und zust\u00e4ndige Gerichte<\/strong><\/h3>\n<p>Die Website unterliegt dem luxemburgischen Recht.<\/p>\n<p>Alle Rechtsstreits, die sich aus der Website ergeben k\u00f6nnen, unterliegen der ausschlie\u00dflichen Zust\u00e4ndigkeit des Bezirksgerichts von und zu Luxemburg.<\/p>\n<h1><strong>Beschwerden<\/strong><\/h1>\n<p>Sehen Sie sich unser <a href=\"https:\/\/payconiq.lu\/wp-content\/uploads\/2024\/02\/Complaint-Flyer-EN.pdf\">Beschwerdeverfahren<\/a> an.<\/p>\n<\/div><div class=\"fusion-clearfix\"><\/div>\n\n\t\t\t\t\t<\/div>\n\t\t\t\t<\/div><\/div><\/div><\/p>\n","protected":false},"excerpt":{"rendered":"","protected":false},"author":6,"featured_media":0,"parent":0,"menu_order":0,"comment_status":"closed","ping_status":"closed","template":"100-width.php","meta":{"_acf_changed":false,"inline_featured_image":false,"footnotes":""},"tags":[],"acf":[],"yoast_head":"<!-- This site is optimized with the Yoast SEO plugin v23.1 - https:\/\/yoast.com\/wordpress\/plugins\/seo\/ -->\n<title>Impressum - Payconiq<\/title>\n<meta name=\"robots\" content=\"index, follow, max-snippet:-1, max-image-preview:large, max-video-preview:-1\" \/>\n<link rel=\"canonical\" href=\"https:\/\/payconiq.lu\/fr\/mentions-legales\/\" \/>\n<meta property=\"og:locale\" content=\"de_DE\" \/>\n<meta property=\"og:type\" content=\"article\" \/>\n<meta property=\"og:title\" content=\"Impressum - Payconiq\" \/>\n<meta property=\"og:url\" content=\"https:\/\/payconiq.lu\/fr\/mentions-legales\/\" \/>\n<meta property=\"og:site_name\" content=\"Payconiq\" \/>\n<meta property=\"article:modified_time\" content=\"2024-02-06T15:18:15+00:00\" \/>\n<meta name=\"twitter:card\" content=\"summary_large_image\" \/>\n<meta name=\"twitter:label1\" content=\"Gesch\u00e4tzte Lesezeit\" \/>\n\t<meta name=\"twitter:data1\" content=\"4\u00a0Minuten\" \/>\n<script type=\"application\/ld+json\" class=\"yoast-schema-graph\">{\"@context\":\"https:\/\/schema.org\",\"@graph\":[{\"@type\":\"WebPage\",\"@id\":\"https:\/\/payconiq.lu\/fr\/mentions-legales\/\",\"url\":\"https:\/\/payconiq.lu\/fr\/mentions-legales\/\",\"name\":\"Impressum - Payconiq\",\"isPartOf\":{\"@id\":\"https:\/\/payconiq.lu\/de\/#website\"},\"datePublished\":\"2018-10-30T16:04:13+00:00\",\"dateModified\":\"2024-02-06T15:18:15+00:00\",\"breadcrumb\":{\"@id\":\"https:\/\/payconiq.lu\/fr\/mentions-legales\/#breadcrumb\"},\"inLanguage\":\"de\",\"potentialAction\":[{\"@type\":\"ReadAction\",\"target\":[\"https:\/\/payconiq.lu\/fr\/mentions-legales\/\"]}]},{\"@type\":\"BreadcrumbList\",\"@id\":\"https:\/\/payconiq.lu\/fr\/mentions-legales\/#breadcrumb\",\"itemListElement\":[{\"@type\":\"ListItem\",\"position\":1,\"name\":\"Accueil\",\"item\":\"https:\/\/payconiq.lu\/de\/\"},{\"@type\":\"ListItem\",\"position\":2,\"name\":\"Impressum\"}]},{\"@type\":\"WebSite\",\"@id\":\"https:\/\/payconiq.lu\/de\/#website\",\"url\":\"https:\/\/payconiq.lu\/de\/\",\"name\":\"Payconiq\",\"description\":\"\",\"potentialAction\":[{\"@type\":\"SearchAction\",\"target\":{\"@type\":\"EntryPoint\",\"urlTemplate\":\"https:\/\/payconiq.lu\/de\/?s={search_term_string}\"},\"query-input\":\"required name=search_term_string\"}],\"inLanguage\":\"de\"}]}<\/script>\n<!-- \/ Yoast SEO plugin. -->","yoast_head_json":{"title":"Impressum - Payconiq","robots":{"index":"index","follow":"follow","max-snippet":"max-snippet:-1","max-image-preview":"max-image-preview:large","max-video-preview":"max-video-preview:-1"},"canonical":"https:\/\/payconiq.lu\/fr\/mentions-legales\/","og_locale":"de_DE","og_type":"article","og_title":"Impressum - Payconiq","og_url":"https:\/\/payconiq.lu\/fr\/mentions-legales\/","og_site_name":"Payconiq","article_modified_time":"2024-02-06T15:18:15+00:00","twitter_card":"summary_large_image","twitter_misc":{"Gesch\u00e4tzte Lesezeit":"4\u00a0Minuten"},"schema":{"@context":"https:\/\/schema.org","@graph":[{"@type":"WebPage","@id":"https:\/\/payconiq.lu\/fr\/mentions-legales\/","url":"https:\/\/payconiq.lu\/fr\/mentions-legales\/","name":"Impressum - Payconiq","isPartOf":{"@id":"https:\/\/payconiq.lu\/de\/#website"},"datePublished":"2018-10-30T16:04:13+00:00","dateModified":"2024-02-06T15:18:15+00:00","breadcrumb":{"@id":"https:\/\/payconiq.lu\/fr\/mentions-legales\/#breadcrumb"},"inLanguage":"de","potentialAction":[{"@type":"ReadAction","target":["https:\/\/payconiq.lu\/fr\/mentions-legales\/"]}]},{"@type":"BreadcrumbList","@id":"https:\/\/payconiq.lu\/fr\/mentions-legales\/#breadcrumb","itemListElement":[{"@type":"ListItem","position":1,"name":"Accueil","item":"https:\/\/payconiq.lu\/de\/"},{"@type":"ListItem","position":2,"name":"Impressum"}]},{"@type":"WebSite","@id":"https:\/\/payconiq.lu\/de\/#website","url":"https:\/\/payconiq.lu\/de\/","name":"Payconiq","description":"","potentialAction":[{"@type":"SearchAction","target":{"@type":"EntryPoint","urlTemplate":"https:\/\/payconiq.lu\/de\/?s={search_term_string}"},"query-input":"required name=search_term_string"}],"inLanguage":"de"}]}},"_links":{"self":[{"href":"https:\/\/payconiq.lu\/de\/wp-json\/wp\/v2\/pages\/5449"}],"collection":[{"href":"https:\/\/payconiq.lu\/de\/wp-json\/wp\/v2\/pages"}],"about":[{"href":"https:\/\/payconiq.lu\/de\/wp-json\/wp\/v2\/types\/page"}],"author":[{"embeddable":true,"href":"https:\/\/payconiq.lu\/de\/wp-json\/wp\/v2\/users\/6"}],"replies":[{"embeddable":true,"href":"https:\/\/payconiq.lu\/de\/wp-json\/wp\/v2\/comments?post=5449"}],"version-history":[{"count":11,"href":"https:\/\/payconiq.lu\/de\/wp-json\/wp\/v2\/pages\/5449\/revisions"}],"predecessor-version":[{"id":23106,"href":"https:\/\/payconiq.lu\/de\/wp-json\/wp\/v2\/pages\/5449\/revisions\/23106"}],"wp:attachment":[{"href":"https:\/\/payconiq.lu\/de\/wp-json\/wp\/v2\/media?parent=5449"}],"wp:term":[{"taxonomy":"post_tag","embeddable":true,"href":"https:\/\/payconiq.lu\/de\/wp-json\/wp\/v2\/tags?post=5449"}],"curies":[{"name":"wp","href":"https:\/\/api.w.org\/{rel}","templated":true}]}}