{"id":5439,"date":"2018-10-29T17:29:48","date_gmt":"2018-10-29T16:29:48","guid":{"rendered":"https:\/\/payconiq.lu\/la-societe\/"},"modified":"2024-05-23T17:08:04","modified_gmt":"2024-05-23T15:08:04","slug":"info","status":"publish","type":"page","link":"https:\/\/payconiq.lu\/de\/info\/","title":{"rendered":"Info"},"content":{"rendered":"<p><div class=\"fusion-fullwidth fullwidth-box full_bg glow_effect background-transfer-page nonhundred-percent-fullwidth non-hundred-percent-height-scrolling\"  style='background-color: #ff4785;background-position: right center;background-repeat: no-repeat;padding-right:30px;padding-left:30px;'><div class=\"fusion-builder-row fusion-row \"><div  class=\"fusion-layout-column fusion_builder_column fusion_builder_column_1_2 fusion-builder-column-1 fusion-one-half fusion-column-first fusion-blend-mode full_left 1_2\"  style='margin-top:0px;margin-bottom:0px;width:48%; margin-right: 4%;'>\n\t\t\t\t\t<div class=\"fusion-column-wrapper\" style=\"background-color:#FF4785;padding: 75px 0px 125px 0px;background-position:left top;background-repeat:no-repeat;-webkit-background-size:cover;-moz-background-size:cover;-o-background-size:cover;background-size:cover;\"   data-bg-url=\"\">\n\t\t\t\t\t\t<div class=\"fusion-title title fusion-title-1 fusion-title-size-one\" style=\"margin-top:0px;margin-bottom:31px;\"><h1 class=\"title-heading-left\" style=\"margin:0;\"><span style=\"color: #ffffff;\">Info<\/span><\/h1><div class=\"title-sep-container\"><div class=\"title-sep sep-double sep-solid\" style=\"border-color:#e0dede;\"><\/div><\/div><\/div><div class=\"fusion-clearfix\"><\/div>\n\n\t\t\t\t\t<\/div>\n\t\t\t\t<\/div><\/div><\/div><div class=\"fusion-fullwidth fullwidth-box nonhundred-percent-fullwidth non-hundred-percent-height-scrolling\"  style='background-color: rgba(255,255,255,0);background-position: center center;background-repeat: no-repeat;padding-top:70px;padding-right:30px;padding-bottom:85px;padding-left:30px;'><div class=\"fusion-builder-row fusion-row \"><div  class=\"fusion-layout-column fusion_builder_column fusion_builder_column_1_4 fusion-builder-column-2 fusion-one-fourth fusion-column-first 1_4\"  style='margin-top:0px;margin-bottom:0px;width:25%;width:calc(25% - ( ( 4% ) * 0.25 ) );margin-right: 4%;'>\n\t\t\t\t\t<div class=\"fusion-column-wrapper\" style=\"padding: 0px 0px 0px 0px;background-position:left top;background-repeat:no-repeat;-webkit-background-size:cover;-moz-background-size:cover;-o-background-size:cover;background-size:cover;\"   data-bg-url=\"\">\n\t\t\t\t\t\t<div class=\"about-buttons\">\n\t<a class=\"about-button active\" href=\"#company\">Das Unternehmen<\/a>\n<\/div><div class=\"fusion-widget-area fusion-widget-area-1 fusion-content-widget-area\"><style type=\"text\/css\" scoped=\"scoped\">.fusion-widget-area-1 {padding:0px 0px 0px 0px;}.fusion-widget-area-1 .widget h4 {color:#333333;}.fusion-widget-area-1 .widget .heading h4 {color:#333333;}.fusion-widget-area-1 .widget h4 {font-size:My test widget;}.fusion-widget-area-1 .widget .heading h4 {font-size:My test widget;}<\/style><div class=\"fusion-additional-widget-content\"><\/div><\/div><div class=\"fusion-clearfix\"><\/div>\n\n\t\t\t\t\t<\/div>\n\t\t\t\t<\/div><div id=\"company\" class=\"fusion-layout-column fusion_builder_column fusion_builder_column_3_4 fusion-builder-column-3 fusion-three-fourth fusion-column-last 3_4\"  style='margin-top:0px;margin-bottom:0px;width:75%;width:calc(75% - ( ( 4% ) * 0.75 ) );'>\n\t\t\t\t\t<div class=\"fusion-column-wrapper\" style=\"padding: 0px 0px 50px 0px;background-position:left top;background-repeat:no-repeat;-webkit-background-size:cover;-moz-background-size:cover;-o-background-size:cover;background-size:cover;\"   data-bg-url=\"\">\n\t\t\t\t\t\t<div class=\"fusion-title title fusion-title-2 fusion-title-size-one\" style=\"margin-top:0px;margin-bottom:50px;\"><h1 class=\"title-heading-left\" style=\"margin:0;\"><span id=\"company\">Das Unternehmen<\/span><\/h1><div class=\"title-sep-container\"><div class=\"title-sep sep-double sep-solid\" style=\"border-color:#e0dede;\"><\/div><\/div><\/div><div class=\"fusion-text\"><p>Payconiq International S.A. ist eine Aktiengesellschaft nach luxemburgischem Recht, eingetragen im Luxemburger Handels- und Gesellschaftsregister unter der Nummer B 169621 und mit Sitz in L-1839 Luxemburg, 9-11 Rue Joseph Junck.<\/p>\n<p>Die Payconiq-L\u00f6sung wird seit 2006 entwickelt, zun\u00e4chst von Payconiq Mobile Payments S.A., Luxemburgs f\u00fchrendem Anbieter von SMS-Mikrozahlungsdiensten \u00fcber Mobilfunkbetreiber, und ab M\u00e4rz 2010 von Payconiq International S.A. Die Zahlungsl\u00f6sung Payconiq war das Ergebnis eines von der luxemburgischen Regierung unterst\u00fctzten Forschungs- und Entwicklungsprojekts und stellte den Benutzer, seine Praktiken und seine Bed\u00fcrfnisse in den Mittelpunkt.<\/p>\n<p>Payconiq International S.A. wurde vom Finanzministerium (unter der Zulassungsnummer 40\/18) als Zahlungsinstitut zugelassen und wird von der Aufsichtsbeh\u00f6rde des Finanzsektors (CSSF) im Gro\u00dfherzogtum Luxemburg kontrolliert. Dieser Regulierungsstatus gibt Payconiq International S.A. das Recht, Zahlungsdienste wie Payconiq gem\u00e4\u00df den Bestimmungen des Gesetzes vom 10. November 2009 \u00fcber Zahlungsdienste in der jeweils g\u00fcltigen Fassung anzubieten.<\/p>\n<p>Die Zulassung als Zahlungsinstitut verschafft der Payconiq International S.A. zudem einen in den Mitgliedstaaten der Europ\u00e4ischen Union anerkannten Status. Dieser Status berechtigt die Payconiq International S.A., diese T\u00e4tigkeit in allen Mitgliedstaaten auszu\u00fcben (vorbehaltlich einer vorherigen Mitteilung durch die CSSF).<\/p>\n<\/div><div class=\"fusion-clearfix\"><\/div>\n\n\t\t\t\t\t<\/div>\n\t\t\t\t<\/div><\/div><\/div><\/p>\n","protected":false},"excerpt":{"rendered":"","protected":false},"author":6,"featured_media":0,"parent":0,"menu_order":0,"comment_status":"closed","ping_status":"closed","template":"100-width.php","meta":{"_acf_changed":false,"inline_featured_image":false,"footnotes":""},"tags":[],"acf":[],"yoast_head":"<!-- This site is optimized with the Yoast SEO plugin v23.1 - https:\/\/yoast.com\/wordpress\/plugins\/seo\/ -->\n<title>Info - Payconiq<\/title>\n<meta name=\"robots\" content=\"index, follow, max-snippet:-1, max-image-preview:large, max-video-preview:-1\" \/>\n<link rel=\"canonical\" href=\"https:\/\/payconiq.lu\/fr\/la-societe\/\" \/>\n<meta property=\"og:locale\" content=\"de_DE\" \/>\n<meta property=\"og:type\" content=\"article\" \/>\n<meta property=\"og:title\" content=\"Info - Payconiq\" \/>\n<meta property=\"og:url\" content=\"https:\/\/payconiq.lu\/fr\/la-societe\/\" \/>\n<meta property=\"og:site_name\" content=\"Payconiq\" \/>\n<meta property=\"article:modified_time\" content=\"2024-05-23T15:08:04+00:00\" \/>\n<meta name=\"twitter:card\" content=\"summary_large_image\" \/>\n<meta name=\"twitter:label1\" content=\"Gesch\u00e4tzte Lesezeit\" \/>\n\t<meta name=\"twitter:data1\" content=\"4\u00a0Minuten\" \/>\n<script type=\"application\/ld+json\" class=\"yoast-schema-graph\">{\"@context\":\"https:\/\/schema.org\",\"@graph\":[{\"@type\":\"WebPage\",\"@id\":\"https:\/\/payconiq.lu\/fr\/la-societe\/\",\"url\":\"https:\/\/payconiq.lu\/fr\/la-societe\/\",\"name\":\"Info - Payconiq\",\"isPartOf\":{\"@id\":\"https:\/\/payconiq.lu\/de\/#website\"},\"datePublished\":\"2018-10-29T16:29:48+00:00\",\"dateModified\":\"2024-05-23T15:08:04+00:00\",\"breadcrumb\":{\"@id\":\"https:\/\/payconiq.lu\/fr\/la-societe\/#breadcrumb\"},\"inLanguage\":\"de\",\"potentialAction\":[{\"@type\":\"ReadAction\",\"target\":[\"https:\/\/payconiq.lu\/fr\/la-societe\/\"]}]},{\"@type\":\"BreadcrumbList\",\"@id\":\"https:\/\/payconiq.lu\/fr\/la-societe\/#breadcrumb\",\"itemListElement\":[{\"@type\":\"ListItem\",\"position\":1,\"name\":\"Accueil\",\"item\":\"https:\/\/payconiq.lu\/de\/\"},{\"@type\":\"ListItem\",\"position\":2,\"name\":\"Info\"}]},{\"@type\":\"WebSite\",\"@id\":\"https:\/\/payconiq.lu\/de\/#website\",\"url\":\"https:\/\/payconiq.lu\/de\/\",\"name\":\"Payconiq\",\"description\":\"\",\"potentialAction\":[{\"@type\":\"SearchAction\",\"target\":{\"@type\":\"EntryPoint\",\"urlTemplate\":\"https:\/\/payconiq.lu\/de\/?s={search_term_string}\"},\"query-input\":\"required name=search_term_string\"}],\"inLanguage\":\"de\"}]}<\/script>\n<!-- \/ Yoast SEO plugin. -->","yoast_head_json":{"title":"Info - Payconiq","robots":{"index":"index","follow":"follow","max-snippet":"max-snippet:-1","max-image-preview":"max-image-preview:large","max-video-preview":"max-video-preview:-1"},"canonical":"https:\/\/payconiq.lu\/fr\/la-societe\/","og_locale":"de_DE","og_type":"article","og_title":"Info - Payconiq","og_url":"https:\/\/payconiq.lu\/fr\/la-societe\/","og_site_name":"Payconiq","article_modified_time":"2024-05-23T15:08:04+00:00","twitter_card":"summary_large_image","twitter_misc":{"Gesch\u00e4tzte Lesezeit":"4\u00a0Minuten"},"schema":{"@context":"https:\/\/schema.org","@graph":[{"@type":"WebPage","@id":"https:\/\/payconiq.lu\/fr\/la-societe\/","url":"https:\/\/payconiq.lu\/fr\/la-societe\/","name":"Info - Payconiq","isPartOf":{"@id":"https:\/\/payconiq.lu\/de\/#website"},"datePublished":"2018-10-29T16:29:48+00:00","dateModified":"2024-05-23T15:08:04+00:00","breadcrumb":{"@id":"https:\/\/payconiq.lu\/fr\/la-societe\/#breadcrumb"},"inLanguage":"de","potentialAction":[{"@type":"ReadAction","target":["https:\/\/payconiq.lu\/fr\/la-societe\/"]}]},{"@type":"BreadcrumbList","@id":"https:\/\/payconiq.lu\/fr\/la-societe\/#breadcrumb","itemListElement":[{"@type":"ListItem","position":1,"name":"Accueil","item":"https:\/\/payconiq.lu\/de\/"},{"@type":"ListItem","position":2,"name":"Info"}]},{"@type":"WebSite","@id":"https:\/\/payconiq.lu\/de\/#website","url":"https:\/\/payconiq.lu\/de\/","name":"Payconiq","description":"","potentialAction":[{"@type":"SearchAction","target":{"@type":"EntryPoint","urlTemplate":"https:\/\/payconiq.lu\/de\/?s={search_term_string}"},"query-input":"required name=search_term_string"}],"inLanguage":"de"}]}},"_links":{"self":[{"href":"https:\/\/payconiq.lu\/de\/wp-json\/wp\/v2\/pages\/5439"}],"collection":[{"href":"https:\/\/payconiq.lu\/de\/wp-json\/wp\/v2\/pages"}],"about":[{"href":"https:\/\/payconiq.lu\/de\/wp-json\/wp\/v2\/types\/page"}],"author":[{"embeddable":true,"href":"https:\/\/payconiq.lu\/de\/wp-json\/wp\/v2\/users\/6"}],"replies":[{"embeddable":true,"href":"https:\/\/payconiq.lu\/de\/wp-json\/wp\/v2\/comments?post=5439"}],"version-history":[{"count":12,"href":"https:\/\/payconiq.lu\/de\/wp-json\/wp\/v2\/pages\/5439\/revisions"}],"predecessor-version":[{"id":23384,"href":"https:\/\/payconiq.lu\/de\/wp-json\/wp\/v2\/pages\/5439\/revisions\/23384"}],"wp:attachment":[{"href":"https:\/\/payconiq.lu\/de\/wp-json\/wp\/v2\/media?parent=5439"}],"wp:term":[{"taxonomy":"post_tag","embeddable":true,"href":"https:\/\/payconiq.lu\/de\/wp-json\/wp\/v2\/tags?post=5439"}],"curies":[{"name":"wp","href":"https:\/\/api.w.org\/{rel}","templated":true}]}}